{"id":22,"date":"2023-03-17T21:45:31","date_gmt":"2023-03-17T21:45:31","guid":{"rendered":"https:\/\/monzonclayboxingclub.fr\/?page_id=22"},"modified":"2023-06-02T15:10:53","modified_gmt":"2023-06-02T15:10:53","slug":"accueil","status":"publish","type":"page","link":"https:\/\/monzonclayboxingclub.fr\/","title":{"rendered":"Accueil"},"content":{"rendered":"\t\t<div data-elementor-type=\"wp-page\" data-elementor-id=\"22\" class=\"elementor elementor-22\">\n\t\t\t\t\t\t\t\t\t<section class=\"elementor-section elementor-top-section elementor-element elementor-element-627a874 elementor-section-boxed elementor-section-height-default elementor-section-height-default\" data-id=\"627a874\" data-element_type=\"section\" data-settings=\"{&quot;background_background&quot;:&quot;classic&quot;}\">\n\t\t\t\t\t\t\t<div class=\"elementor-background-overlay\"><\/div>\n\t\t\t\t\t\t\t<div class=\"elementor-container elementor-column-gap-default\">\n\t\t\t\t\t<div class=\"elementor-column elementor-col-100 elementor-top-column elementor-element elementor-element-53eb3ce\" data-id=\"53eb3ce\" data-element_type=\"column\">\n\t\t\t<div class=\"elementor-widget-wrap elementor-element-populated\">\n\t\t\t\t\t\t\t\t<div class=\"elementor-element elementor-element-c628ddd elementor-widget__width-initial elementor-invisible elementor-widget elementor-widget-heading\" data-id=\"c628ddd\" data-element_type=\"widget\" data-settings=\"{&quot;_animation&quot;:&quot;fadeInLeft&quot;}\" data-widget_type=\"heading.default\">\n\t\t\t\t<div class=\"elementor-widget-container\">\n\t\t\t<style>\/*! elementor - v3.12.1 - 02-04-2023 *\/\n.elementor-heading-title{padding:0;margin:0;line-height:1}.elementor-widget-heading .elementor-heading-title[class*=elementor-size-]>a{color:inherit;font-size:inherit;line-height:inherit}.elementor-widget-heading .elementor-heading-title.elementor-size-small{font-size:15px}.elementor-widget-heading .elementor-heading-title.elementor-size-medium{font-size:19px}.elementor-widget-heading .elementor-heading-title.elementor-size-large{font-size:29px}.elementor-widget-heading .elementor-heading-title.elementor-size-xl{font-size:39px}.elementor-widget-heading .elementor-heading-title.elementor-size-xxl{font-size:59px}<\/style><h2 class=\"elementor-heading-title elementor-size-default\">Monzon-Clay Boxing Club<br><br><br><br><br><br><br><br><br><\/h2>\t\t<\/div>\n\t\t\t\t<\/div>\n\t\t\t\t\t<\/div>\n\t\t<\/div>\n\t\t\t\t\t\t\t<\/div>\n\t\t<\/section>\n\t\t\t\t<section class=\"elementor-section elementor-top-section elementor-element elementor-element-1635684 elementor-section-boxed elementor-section-height-default elementor-section-height-default\" data-id=\"1635684\" data-element_type=\"section\" data-settings=\"{&quot;background_background&quot;:&quot;classic&quot;}\">\n\t\t\t\t\t\t<div class=\"elementor-container elementor-column-gap-default\">\n\t\t\t\t\t<div class=\"elementor-column elementor-col-100 elementor-top-column elementor-element elementor-element-9f2cbfb\" data-id=\"9f2cbfb\" data-element_type=\"column\">\n\t\t\t<div class=\"elementor-widget-wrap elementor-element-populated\">\n\t\t\t\t\t\t\t\t<div class=\"elementor-element elementor-element-3ce26f5 elementor-widget elementor-widget-text-editor\" data-id=\"3ce26f5\" data-element_type=\"widget\" data-widget_type=\"text-editor.default\">\n\t\t\t\t<div class=\"elementor-widget-container\">\n\t\t\t<style>\/*! elementor - v3.12.1 - 02-04-2023 *\/\n.elementor-widget-text-editor.elementor-drop-cap-view-stacked .elementor-drop-cap{background-color:#69727d;color:#fff}.elementor-widget-text-editor.elementor-drop-cap-view-framed .elementor-drop-cap{color:#69727d;border:3px solid;background-color:transparent}.elementor-widget-text-editor:not(.elementor-drop-cap-view-default) .elementor-drop-cap{margin-top:8px}.elementor-widget-text-editor:not(.elementor-drop-cap-view-default) .elementor-drop-cap-letter{width:1em;height:1em}.elementor-widget-text-editor .elementor-drop-cap{float:left;text-align:center;line-height:1;font-size:50px}.elementor-widget-text-editor .elementor-drop-cap-letter{display:inline-block}<\/style>\t\t\t\t<p>Bienvenue sur le site du club de boxe anglaise Monzon-Clay Boxing Club.<\/p><p>Vous retrouverez toutes les informations li\u00e9es au club pour pratiquer dans les meilleures conditions.<\/p>\t\t\t\t\t\t<\/div>\n\t\t\t\t<\/div>\n\t\t\t\t\t<\/div>\n\t\t<\/div>\n\t\t\t\t\t\t\t<\/div>\n\t\t<\/section>\n\t\t\t\t<section class=\"elementor-section elementor-top-section elementor-element elementor-element-f5abf71 elementor-section-boxed elementor-section-height-default elementor-section-height-default\" data-id=\"f5abf71\" data-element_type=\"section\" data-settings=\"{&quot;background_background&quot;:&quot;classic&quot;}\">\n\t\t\t\t\t\t<div class=\"elementor-container elementor-column-gap-default\">\n\t\t\t\t\t<div class=\"elementor-column elementor-col-100 elementor-top-column elementor-element elementor-element-43a5733\" data-id=\"43a5733\" data-element_type=\"column\">\n\t\t\t<div class=\"elementor-widget-wrap elementor-element-populated\">\n\t\t\t\t\t\t\t\t<div class=\"elementor-element elementor-element-eebcf9f elementor-widget elementor-widget-spacer\" data-id=\"eebcf9f\" data-element_type=\"widget\" data-widget_type=\"spacer.default\">\n\t\t\t\t<div class=\"elementor-widget-container\">\n\t\t\t<style>\/*! elementor - v3.12.1 - 02-04-2023 *\/\n.elementor-column .elementor-spacer-inner{height:var(--spacer-size)}.e-con{--container-widget-width:100%}.e-con-inner>.elementor-widget-spacer,.e-con>.elementor-widget-spacer{width:var(--container-widget-width,var(--spacer-size));--align-self:var(--container-widget-align-self,initial);--flex-shrink:0}.e-con-inner>.elementor-widget-spacer>.elementor-widget-container,.e-con-inner>.elementor-widget-spacer>.elementor-widget-container>.elementor-spacer,.e-con>.elementor-widget-spacer>.elementor-widget-container,.e-con>.elementor-widget-spacer>.elementor-widget-container>.elementor-spacer{height:100%}.e-con-inner>.elementor-widget-spacer>.elementor-widget-container>.elementor-spacer>.elementor-spacer-inner,.e-con>.elementor-widget-spacer>.elementor-widget-container>.elementor-spacer>.elementor-spacer-inner{height:var(--container-widget-height,var(--spacer-size))}<\/style>\t\t<div class=\"elementor-spacer\">\n\t\t\t<div class=\"elementor-spacer-inner\"><\/div>\n\t\t<\/div>\n\t\t\t\t<\/div>\n\t\t\t\t<\/div>\n\t\t\t\t\t<\/div>\n\t\t<\/div>\n\t\t\t\t\t\t\t<\/div>\n\t\t<\/section>\n\t\t\t\t\t\t\t<\/div>\n\t\t","protected":false},"excerpt":{"rendered":"<p>Monzon-Clay Boxing Club Bienvenue sur le site du club de boxe anglaise Monzon-Clay Boxing Club. Vous retrouverez toutes les informations li\u00e9es au club pour pratiquer dans les meilleures conditions.<\/p>\n","protected":false},"author":1,"featured_media":0,"parent":0,"menu_order":0,"comment_status":"closed","ping_status":"closed","template":"","meta":{"_kad_post_transparent":"","_kad_post_title":"hide","_kad_post_layout":"fullwidth","_kad_post_sidebar_id":"","_kad_post_content_style":"unboxed","_kad_post_vertical_padding":"hide","_kad_post_feature":"hide","_kad_post_feature_position":"","_kad_post_header":false,"_kad_post_footer":false},"yoast_head":"<!-- This site is optimized with the Yoast SEO plugin v20.4 - https:\/\/yoast.com\/wordpress\/plugins\/seo\/ -->\n<title>Monzon-Clay Boxing Club | Club de boxe anglaise orl\u00e9anais<\/title>\n<meta name=\"description\" content=\"Club de boxe anglaise \u00e0 Orl\u00e9ans, la Source. Informations sur l&#039;emplacement de la salle, l&#039;\u00e9quipement, les horaires d&#039;entra\u00eenement et les cat\u00e9gories.\" \/>\n<meta name=\"robots\" content=\"index, follow, max-snippet:-1, max-image-preview:large, max-video-preview:-1\" \/>\n<link rel=\"canonical\" href=\"https:\/\/monzonclayboxingclub.fr\/\" \/>\n<meta property=\"og:locale\" content=\"fr_FR\" \/>\n<meta property=\"og:type\" content=\"article\" \/>\n<meta property=\"og:title\" content=\"Monzon-Clay Boxing Club | Club de boxe anglaise orl\u00e9anais\" \/>\n<meta property=\"og:description\" content=\"Club de boxe anglaise \u00e0 Orl\u00e9ans, la Source. Informations sur l&#039;emplacement de la salle, l&#039;\u00e9quipement, les horaires d&#039;entra\u00eenement et les cat\u00e9gories.\" \/>\n<meta property=\"og:url\" content=\"https:\/\/monzonclayboxingclub.fr\/\" \/>\n<meta property=\"og:site_name\" content=\"monzonclayboxingclub.fr\" \/>\n<meta property=\"article:modified_time\" content=\"2023-06-02T15:10:53+00:00\" \/>\n<meta name=\"twitter:card\" content=\"summary_large_image\" \/>\n<meta name=\"twitter:label1\" content=\"Dur\u00e9e de lecture estim\u00e9e\" \/>\n\t<meta name=\"twitter:data1\" content=\"1 minute\" \/>\n<script type=\"application\/ld+json\" class=\"yoast-schema-graph\">{\"@context\":\"https:\/\/schema.org\",\"@graph\":[{\"@type\":\"WebPage\",\"@id\":\"https:\/\/monzonclayboxingclub.fr\/\",\"url\":\"https:\/\/monzonclayboxingclub.fr\/\",\"name\":\"Monzon-Clay Boxing Club | Club de boxe anglaise orl\u00e9anais\",\"isPartOf\":{\"@id\":\"https:\/\/monzonclayboxingclub.fr\/#website\"},\"datePublished\":\"2023-03-17T21:45:31+00:00\",\"dateModified\":\"2023-06-02T15:10:53+00:00\",\"description\":\"Club de boxe anglaise \u00e0 Orl\u00e9ans, la Source. Informations sur l'emplacement de la salle, l'\u00e9quipement, les horaires d'entra\u00eenement et les cat\u00e9gories.\",\"breadcrumb\":{\"@id\":\"https:\/\/monzonclayboxingclub.fr\/#breadcrumb\"},\"inLanguage\":\"fr-FR\",\"potentialAction\":[{\"@type\":\"ReadAction\",\"target\":[\"https:\/\/monzonclayboxingclub.fr\/\"]}]},{\"@type\":\"BreadcrumbList\",\"@id\":\"https:\/\/monzonclayboxingclub.fr\/#breadcrumb\",\"itemListElement\":[{\"@type\":\"ListItem\",\"position\":1,\"name\":\"Home\",\"item\":\"https:\/\/monzonclayboxingclub.fr\/\"},{\"@type\":\"ListItem\",\"position\":2,\"name\":\"Accueil\"}]},{\"@type\":\"WebSite\",\"@id\":\"https:\/\/monzonclayboxingclub.fr\/#website\",\"url\":\"https:\/\/monzonclayboxingclub.fr\/\",\"name\":\"monzonclayboxingclub.fr\",\"description\":\"\",\"potentialAction\":[{\"@type\":\"SearchAction\",\"target\":{\"@type\":\"EntryPoint\",\"urlTemplate\":\"https:\/\/monzonclayboxingclub.fr\/?s={search_term_string}\"},\"query-input\":\"required name=search_term_string\"}],\"inLanguage\":\"fr-FR\"}]}<\/script>\n<!-- \/ Yoast SEO plugin. -->","yoast_head_json":{"title":"Monzon-Clay Boxing Club | Club de boxe anglaise orl\u00e9anais","description":"Club de boxe anglaise \u00e0 Orl\u00e9ans, la Source. Informations sur l'emplacement de la salle, l'\u00e9quipement, les horaires d'entra\u00eenement et les cat\u00e9gories.","robots":{"index":"index","follow":"follow","max-snippet":"max-snippet:-1","max-image-preview":"max-image-preview:large","max-video-preview":"max-video-preview:-1"},"canonical":"https:\/\/monzonclayboxingclub.fr\/","og_locale":"fr_FR","og_type":"article","og_title":"Monzon-Clay Boxing Club | Club de boxe anglaise orl\u00e9anais","og_description":"Club de boxe anglaise \u00e0 Orl\u00e9ans, la Source. Informations sur l'emplacement de la salle, l'\u00e9quipement, les horaires d'entra\u00eenement et les cat\u00e9gories.","og_url":"https:\/\/monzonclayboxingclub.fr\/","og_site_name":"monzonclayboxingclub.fr","article_modified_time":"2023-06-02T15:10:53+00:00","twitter_card":"summary_large_image","twitter_misc":{"Dur\u00e9e de lecture estim\u00e9e":"1 minute"},"schema":{"@context":"https:\/\/schema.org","@graph":[{"@type":"WebPage","@id":"https:\/\/monzonclayboxingclub.fr\/","url":"https:\/\/monzonclayboxingclub.fr\/","name":"Monzon-Clay Boxing Club | Club de boxe anglaise orl\u00e9anais","isPartOf":{"@id":"https:\/\/monzonclayboxingclub.fr\/#website"},"datePublished":"2023-03-17T21:45:31+00:00","dateModified":"2023-06-02T15:10:53+00:00","description":"Club de boxe anglaise \u00e0 Orl\u00e9ans, la Source. Informations sur l'emplacement de la salle, l'\u00e9quipement, les horaires d'entra\u00eenement et les cat\u00e9gories.","breadcrumb":{"@id":"https:\/\/monzonclayboxingclub.fr\/#breadcrumb"},"inLanguage":"fr-FR","potentialAction":[{"@type":"ReadAction","target":["https:\/\/monzonclayboxingclub.fr\/"]}]},{"@type":"BreadcrumbList","@id":"https:\/\/monzonclayboxingclub.fr\/#breadcrumb","itemListElement":[{"@type":"ListItem","position":1,"name":"Home","item":"https:\/\/monzonclayboxingclub.fr\/"},{"@type":"ListItem","position":2,"name":"Accueil"}]},{"@type":"WebSite","@id":"https:\/\/monzonclayboxingclub.fr\/#website","url":"https:\/\/monzonclayboxingclub.fr\/","name":"monzonclayboxingclub.fr","description":"","potentialAction":[{"@type":"SearchAction","target":{"@type":"EntryPoint","urlTemplate":"https:\/\/monzonclayboxingclub.fr\/?s={search_term_string}"},"query-input":"required name=search_term_string"}],"inLanguage":"fr-FR"}]}},"_links":{"self":[{"href":"https:\/\/monzonclayboxingclub.fr\/index.php?rest_route=\/wp\/v2\/pages\/22"}],"collection":[{"href":"https:\/\/monzonclayboxingclub.fr\/index.php?rest_route=\/wp\/v2\/pages"}],"about":[{"href":"https:\/\/monzonclayboxingclub.fr\/index.php?rest_route=\/wp\/v2\/types\/page"}],"author":[{"embeddable":true,"href":"https:\/\/monzonclayboxingclub.fr\/index.php?rest_route=\/wp\/v2\/users\/1"}],"replies":[{"embeddable":true,"href":"https:\/\/monzonclayboxingclub.fr\/index.php?rest_route=%2Fwp%2Fv2%2Fcomments&post=22"}],"version-history":[{"count":170,"href":"https:\/\/monzonclayboxingclub.fr\/index.php?rest_route=\/wp\/v2\/pages\/22\/revisions"}],"predecessor-version":[{"id":914,"href":"https:\/\/monzonclayboxingclub.fr\/index.php?rest_route=\/wp\/v2\/pages\/22\/revisions\/914"}],"wp:attachment":[{"href":"https:\/\/monzonclayboxingclub.fr\/index.php?rest_route=%2Fwp%2Fv2%2Fmedia&parent=22"}],"curies":[{"name":"wp","href":"https:\/\/api.w.org\/{rel}","templated":true}]}}